{"id":682,"date":"2025-11-14T13:59:07","date_gmt":"2025-11-14T13:59:07","guid":{"rendered":"https:\/\/odoopim.com\/kontaktieren-sie-uns\/"},"modified":"2025-11-14T13:59:07","modified_gmt":"2025-11-14T13:59:07","slug":"kontaktieren-sie-uns","status":"publish","type":"page","link":"https:\/\/odoopim.com\/de\/kontaktieren-sie-uns\/","title":{"rendered":"Kontaktieren Sie uns"},"content":{"rendered":"<div class=\"text-center\">\n<h1>Kontaktieren Sie uns<\/h1>\n<\/div>\n<div class=\"text-center container\" style=\"max-width: 720px;\"><div class='fluentform ff-default fluentform_wrapper_3 ffs_default_wrap'><form data-form_id=\"3\" id=\"fluentform_3\" class=\"frm-fluent-form fluent_form_3 ff-el-form-top ff_form_instance_3_1 ff-form-loading ffs_default\" data-form_instance=\"ff_form_instance_3_1\" method=\"POST\" ><fieldset  style=\"border: none!important;margin: 0!important;padding: 0!important;background-color: transparent!important;box-shadow: none!important;outline: none!important; min-inline-size: 100%;\">\n                    <legend class=\"ff_screen_reader_title\" style=\"display: block; margin: 0!important;padding: 0!important;height: 0!important;text-indent: -999999px;width: 0!important;overflow:hidden;\">Odoo PIM Contact Us<\/legend><input type='hidden' name='__fluent_form_embded_post_id' value='682' \/><input type=\"hidden\" id=\"_fluentform_3_fluentformnonce\" name=\"_fluentform_3_fluentformnonce\" value=\"53a13fa4de\" \/><input type=\"hidden\" name=\"_wp_http_referer\" value=\"\/de\/wp-json\/wp\/v2\/pages\/682\" \/><div data-type=\"name-element\" data-name=\"names\" class=\" ff-field_container ff-name-field-wrapper client_name\" ><div class='ff-t-container'><div class='ff-t-cell '><div class='ff-el-group  ff-el-form-hide_label'><div class=\"ff-el-input--label ff-el-is-required asterisk-right\"><label for='ff_3_names_first_name_' id='label_ff_3_names_first_name_' >First Name<\/label><\/div><div class='ff-el-input--content'><input type=\"text\" name=\"names[first_name]\" id=\"ff_3_names_first_name_\" class=\"ff-el-form-control\" placeholder=\"First Name\" aria-invalid=\"false\" aria-required=true><\/div><\/div><\/div><div class='ff-t-cell '><div class='ff-el-group  ff-el-form-hide_label'><div class=\"ff-el-input--label ff-el-is-required asterisk-right\"><label for='ff_3_names_last_name_' id='label_ff_3_names_last_name_' >Last Name<\/label><\/div><div class='ff-el-input--content'><input type=\"text\" name=\"names[last_name]\" id=\"ff_3_names_last_name_\" class=\"ff-el-form-control\" placeholder=\"Last Name\" aria-invalid=\"false\" aria-required=true><\/div><\/div><\/div><\/div><\/div><div class='ff-el-group ff-el-form-hide_label'><div class=\"ff-el-input--label ff-el-is-required asterisk-right\"><label for='ff_3_email' id='label_ff_3_email' aria-label=\"Email\">Email<\/label><\/div><div class='ff-el-input--content'><input type=\"email\" name=\"email\" id=\"ff_3_email\" class=\"ff-el-form-control offemail company-email-check\" placeholder=\"Email Address\" data-name=\"email\"  aria-invalid=\"false\" aria-required=true><\/div><\/div><div class='ff-el-group ff-el-form-hide_label'><div class=\"ff-el-input--label ff-el-is-required asterisk-right\"><label for='ff_3_smart_phone_field' id='label_ff_3_smart_phone_field' aria-label=\"Smart Phone\">Smart Phone<\/label><\/div><div class='ff-el-input--content'><div class='ff-el-spf--content'><span class='spf-phone error-msg hide'><\/span><span class='spf-phone valid-msg hide'><\/span><input name=\"smart_phone_field\" class=\"ff-el-form-control ff-el-spf-input\" type=\"tel\" data-name=\"smart_phone_field\" id=\"ff_3_smart_phone_field\"  aria-invalid='false' aria-required=true \/><\/div><\/div><\/div><div class='ff-el-group ff-el-form-hide_label'><div class='ff-el-input--content'><input type=\"text\" name=\"input_text\" class=\"ff-el-form-control\" placeholder=\"Subject\" data-name=\"input_text\" id=\"ff_3_input_text\"  aria-invalid=\"false\" aria-required=false><\/div><\/div><div class='ff-el-group ff-el-form-hide_label'><div class=\"ff-el-input--label asterisk-right\"><label for='ff_3_datetime' id='label_ff_3_datetime' aria-label=\"Date \/ Time\">Date \/ Time<\/label><\/div><div class='ff-el-input--content'><input  aria-label='Date \/ Time Use arrow keys to navigate dates. Press enter to select a date.'  aria-haspopup='dialog' data-type-datepicker data-format='d\/m\/Y' type=\"text\" name=\"datetime\" id=\"ff_3_datetime\" class=\"ff-el-form-control ff-el-datepicker\" placeholder=\"Schedule Demo (dd\/mm\/yyyy)\" data-name=\"datetime\"  aria-invalid='false' aria-required=false><\/div><\/div><div class='ff-el-group ' ><div class='ff-el-input--content'><div data-fluent_id='3' name='g-recaptcha-response'><div\n\t\tdata-sitekey='6Le5ngwsAAAAAOvYALqx_fkLmiVekSHeEU32VEPo'\n\t\tid='fluentform-recaptcha-3-1'\n\t\tclass='ff-el-recaptcha g-recaptcha'\n\t\tdata-callback='fluentFormrecaptchaSuccessCallback'><\/div><\/div><\/div><\/div><div class='ff-el-group ff-text-left ff_submit_btn_wrapper ff_submit_btn_wrapper_custom'><button class=\"ff-btn ff-btn-submit ff-btn-md submitoff ff_btn_style wpf_has_custom_css\" type=\"submit\" name=\"custom_submit_button-3_1\" data-name=\"custom_submit_button-3_1\"  aria-label=\"Submit\">Submit<\/button><style>form.fluent_form_3 .wpf_has_custom_css.ff-btn-submit { background-color:rgba(4, 79, 165, 1);border-color:rgba(64, 158, 255, 0);color:#ffffff;min-width:100%; }form.fluent_form_3 .wpf_has_custom_css.ff-btn-submit:hover { background-color:#ffffff;border-color:#409EFF;color:#409EFF;min-width:100%; } <\/style><\/div><\/fieldset><\/form><div id='fluentform_3_errors' class='ff-errors-in-stack ff_form_instance_3_1 ff-form-loading_errors ff_form_instance_3_1_errors'><\/div><\/div>            <script type=\"text\/javascript\">\n                window.fluent_form_ff_form_instance_3_1 = {\"id\":\"3\",\"settings\":{\"layout\":{\"labelPlacement\":\"top\",\"helpMessagePlacement\":\"with_label\",\"errorMessagePlacement\":\"inline\",\"asteriskPlacement\":\"asterisk-right\"},\"restrictions\":{\"denyEmptySubmission\":{\"enabled\":false}}},\"form_instance\":\"ff_form_instance_3_1\",\"form_id_selector\":\"fluentform_3\",\"rules\":{\"names[first_name]\":{\"required\":{\"value\":true,\"message\":\"This field is required\",\"global\":false,\"global_message\":\"This field is required\"}},\"names[middle_name]\":{\"required\":{\"value\":false,\"message\":\"This field is required\",\"global\":false,\"global_message\":\"This field is required\"}},\"names[last_name]\":{\"required\":{\"value\":true,\"message\":\"This field is required\",\"global\":false,\"global_message\":\"This field is required\"}},\"email\":{\"required\":{\"value\":true,\"message\":\"This field is required\",\"global\":false,\"global_message\":\"This field is required\"},\"email\":{\"value\":true,\"message\":\"This field must contain a valid email\",\"global\":false,\"global_message\":\"This field must contain a valid email\"}},\"smart_phone_field\":{\"required\":{\"value\":true,\"message\":\"This field is required\",\"global\":false,\"global_message\":\"This field is required\"},\"validate_number\":{\"value\":false,\"message\":\"Phone number is not valid\",\"global\":false,\"global_message\":\"\"}},\"input_text\":{\"required\":{\"value\":false,\"message\":\"This field is required\",\"global\":false,\"global_message\":\"This field is required\"}},\"datetime\":{\"required\":{\"value\":false,\"message\":\"This field is required\",\"global\":false,\"global_message\":\"This field is required\"}},\"g-recaptcha-response\":[]},\"debounce_time\":300};\n                            <\/script>\n            <\/div>\n<footer id=\"custom-footer\" class=\"container-full\">\r\n    <div class=\"d-flex m-flex-wrap container gap-20\">\r\n        <div class=\"footer-logo col-sm-12 col-md-6 col-lg-4\">\r\n            <h5 class=\"menu-heading\">OdooPIM is a product of<\/h5>\r\n            <a target=\"_blank\" href=\"https:\/\/navabrindsol.com\/\"><img loading=\"lazy\" decoding=\"async\" width=\"245\"\r\n                    height=\"76\" src=\"\/wp-content\/uploads\/sites\/3\/2025\/11\/NITS-Brandlogo-horizontal-blue-3.webp\"\r\n                    class=\"attachment-full size-full\" alt=\"navabrind\"><\/a>\r\n        <\/div>\r\n        <div class=\"footer-menu col-sm-12 col-md-6 col-lg-2\">\r\n            <h5 class=\"menu-heading\">Quick Links<\/h5>\r\n            <ul class=\"list-items\">\r\n                <li class=\"list-item\"><a href=\"\/#odoopim-features\">OdooPIM Features<\/a><\/li>\r\n                <li class=\"list-item\"><a href=\"\/#integration\">Integration<\/a><\/li>\r\n                <li class=\"list-item\"><a href=\"\/#industries\">Industries<\/a><\/li>\r\n                <li class=\"list-item\"><a href=\"\/#demo\">OdooPIM Demo<\/a><\/li>\r\n                <li class=\"list-item\"><a href=\"\/faqs\/\">FAQs<\/a><\/li>\r\n            <\/ul>\r\n        <\/div>\r\n\t\t <div class=\"footer-menu col-sm-12 col-md-6 col-lg-3\">\r\n            <h5 class=\"menu-heading\">Features<\/h5>\r\n            <ul class=\"list-items\">\r\n                <li class=\"list-item\"><a href=\"\/catalog-management-software\/\">Catalog Management<\/a><\/li>\r\n                <li class=\"list-item\"><a href=\"\/product-data-management-software\/\">Product Data Management<\/a><\/li>\r\n                <li class=\"list-item\"><a href=\"\/ai-powered-product-data-enrichment\/\">AI Product Data Enrichment<\/a><\/li>\r\n                <li class=\"list-item\"><a href=\"\/omnichannel-management-software\/\">Omnichannel Management<\/a><\/li>\r\n                <li class=\"list-item\"><a href=\"\/product-data-governance\/\">Product Data Governance<\/a><\/li>\r\n            <\/ul>\r\n        <\/div>\r\n\t\t<div class=\"footer-menu col-sm-12 col-md-6 col-lg-3\">\r\n            <h5 class=\"menu-heading\">Guide<\/h5>\r\n            <ul class=\"list-items\">\r\n                <li class=\"list-item\"><a href=\"\/blog\/pim-software-for-ecommerce-from-small-business-to-enterprise\/\">Product Information Management<\/a><\/li>\r\n                <li class=\"list-item\"><a href=\"\/blog\/product-catalog-management\/\">Product Catalog Management<\/a><\/li>\r\n                <li class=\"list-item\"><a href=\"\/blog\/ai-for-ecommerce\/\">AI for Ecommerce<\/a><\/li>\r\n                <li class=\"list-item\"><a href=\"\/blog\/product-data-management-guide\/\">Product Data Management<\/a><\/li>\r\n            <\/ul>\r\n\t\t\t<h5 class=\"menu-heading\">Learn<\/h5>\r\n\t\t\t   <ul class=\"list-items\">\r\n                <li class=\"list-item\"><a href=\"\/blog\/best-pim-software\/\">Best PIM Software<\/a><\/li>\r\n                <li class=\"list-item\"><a href=\"\/blog\/best-catalog-management-software\/\">Best Catalog Management Software<\/a><\/li>\r\n                <li class=\"list-item\"><a href=\"\/blog\/ai-tools-for-ecommerce\/\">Best AI Tools for Ecommerce<\/a><\/li>\r\n                <li class=\"list-item\"><a href=\"\/blog\/pdm-tools\/\">Product Data Management Tools<\/a><\/li>\r\n            <\/ul>\r\n        <\/div>\r\n        <div class=\"footer-menu col-sm-12 col-md-6 col-lg-1\">\r\n            <h5 class=\"menu-heading\">Locations<\/h5>\r\n            <ul class=\"list-items\">\r\n                <li class=\"list-item\"><a target=\"_blank\" href=\"https:\/\/maps.app.goo.gl\/XKAHHAUVyGE492Dn8\">India<\/a><\/li>\r\n                <li class=\"list-item\"><a target=\"_blank\" href=\"https:\/\/maps.app.goo.gl\/XKAHHAUVyGE492Dn8\">UK<\/a><\/li>\r\n                <li class=\"list-item\"><a target=\"_blank\" href=\"https:\/\/maps.app.goo.gl\/XKAHHAUVyGE492Dn8\">USA<\/a><\/li>\r\n            <\/ul>\r\n        <\/div>\r\n        <!-- <div class=\"footer-menu col-sm-12 col-md-6 col-lg-2\">\r\n            <h5 class=\"menu-heading\">Our Esteemed Partners<\/h5>\r\n            <img decoding=\"async\" src=\"\/wp-content\/uploads\/sites\/3\/2025\/10\/Frame-1000004994-3.webp\" width=\"100%\">\r\n        <\/div> -->\r\n    <\/div>\r\n    <hr class=\"container\">\r\n    <div class=\"footer-bottom container\">\r\n        <div class=\"d-flex justify-space-between gap-20 m-flex-wrap\">\r\n            <p class=\"col-sm-12 col-md-6 col-lg-8\">\u00a92026 OdooPIM a product of Navabrind IT Solutions Pvt Ltd. All rights\r\n                reserved.<\/p>\r\n            <ul class=\"list-items d-flex justify-content-end col-sm-12 col-md-6 col-lg-4\">\r\n                <li class=\"icon-list-item\">\r\n                    <a href=\"https:\/\/www.facebook.com\/odoopim\/\" target=\"_blank\"><span class=\"list-icon\"\r\n                            style=\"max-width: 16px; display: block;\"><svg aria-hidden=\"true\"\r\n                                class=\"e-font-icon-svg e-fab-facebook-f\" viewbox=\"0 0 320 512\"\r\n                                xmlns=\"http:\/\/www.w3.org\/2000\/svg\">\r\n                                <path\r\n                                    d=\"M279.14 288l14.22-92.66h-88.91v-60.13c0-25.35 12.42-50.06 52.24-50.06h40.42V6.26S260.43 0 225.36 0c-73.22 0-121.08 44.38-121.08 124.72v70.62H22.89V288h81.39v224h100.17V288z\">\r\n                                <\/path>\r\n                            <\/svg> <\/span><\/a>\r\n                <\/li>\r\n                <li class=\"icon-list-item\"><a href=\"https:\/\/x.com\/OdooPim\" target=\"_blank\"><span class=\"list-icon\"\r\n                            style=\"max-width: 16px; display: block;\"><svg aria-hidden=\"true\"\r\n                                class=\"e-font-icon-svg e-fab-x-twitter\" viewbox=\"0 0 512 512\"\r\n                                xmlns=\"http:\/\/www.w3.org\/2000\/svg\">\r\n                                <path\r\n                                    d=\"M389.2 48h70.6L305.6 224.2 487 464H345L233.7 318.6 106.5 464H35.8L200.7 275.5 26.8 48H172.4L272.9 180.9 389.2 48zM364.4 421.8h39.1L151.1 88h-42L364.4 421.8z\">\r\n                                <\/path>\r\n                            <\/svg><\/span><\/a>\r\n                <\/li>\r\n                <li class=\"icon-list-item\"><a href=\"https:\/\/www.linkedin.com\/company\/odoopim\/\" target=\"_blank\"><span\r\n                            class=\"list-icon\" style=\"max-width: 16px; display: block;\"><svg aria-hidden=\"true\"\r\n                                class=\"e-font-icon-svg e-fab-linkedin-in\" viewbox=\"0 0 448 512\"\r\n                                xmlns=\"http:\/\/www.w3.org\/2000\/svg\">\r\n                                <path\r\n                                    d=\"M100.28 448H7.4V148.9h92.88zM53.79 108.1C24.09 108.1 0 83.5 0 53.8a53.79 53.79 0 0 1 107.58 0c0 29.7-24.1 54.3-53.79 54.3zM447.9 448h-92.68V302.4c0-34.7-.7-79.2-48.29-79.2-48.29 0-55.69 37.7-55.69 76.7V448h-92.78V148.9h89.08v40.8h1.3c12.4-23.5 42.69-48.3 87.88-48.3 94 0 111.28 61.9 111.28 142.3V448z\">\r\n                                <\/path>\r\n                            <\/svg><\/span><\/a>\r\n                <\/li>\r\n                <li class=\"icon-list-item\"><a href=\"https:\/\/www.instagram.com\/odoopim\/\" target=\"_blank\"><span\r\n                            class=\"list-icon\" style=\"max-width: 16px; display: block;\"><svg aria-hidden=\"true\"\r\n                                class=\"e-font-icon-svg e-fab-instagram\" viewbox=\"0 0 448 512\"\r\n                                xmlns=\"http:\/\/www.w3.org\/2000\/svg\">\r\n                                <path\r\n                                    d=\"M224.1 141c-63.6 0-114.9 51.3-114.9 114.9s51.3 114.9 114.9 114.9S339 319.5 339 255.9 287.7 141 224.1 141zm0 189.6c-41.1 0-74.7-33.5-74.7-74.7s33.5-74.7 74.7-74.7 74.7 33.5 74.7 74.7-33.6 74.7-74.7 74.7zm146.4-194.3c0 14.9-12 26.8-26.8 26.8-14.9 0-26.8-12-26.8-26.8s12-26.8 26.8-26.8 26.8 12 26.8 26.8zm76.1 27.2c-1.7-35.9-9.9-67.7-36.2-93.9-26.2-26.2-58-34.4-93.9-36.2-37-2.1-147.9-2.1-184.9 0-35.8 1.7-67.6 9.9-93.9 36.1s-34.4 58-36.2 93.9c-2.1 37-2.1 147.9 0 184.9 1.7 35.9 9.9 67.7 36.2 93.9s58 34.4 93.9 36.2c37 2.1 147.9 2.1 184.9 0 35.9-1.7 67.7-9.9 93.9-36.2 26.2-26.2 34.4-58 36.2-93.9 2.1-37 2.1-147.8 0-184.8zM398.8 388c-7.8 19.6-22.9 34.7-42.6 42.6-29.5 11.7-99.5 9-132.1 9s-102.7 2.6-132.1-9c-19.6-7.8-34.7-22.9-42.6-42.6-11.7-29.5-9-99.5-9-132.1s-2.6-102.7 9-132.1c7.8-19.6 22.9-34.7 42.6-42.6 29.5-11.7 99.5-9 132.1-9s102.7-2.6 132.1 9c19.6 7.8 34.7 22.9 42.6 42.6 11.7 29.5 9 99.5 9 132.1s2.7 102.7-9 132.1z\">\r\n                                <\/path>\r\n                            <\/svg><\/span><\/a>\r\n                <\/li>\r\n                <li class=\"icon-list-item\"><a href=\"https:\/\/www.youtube.com\/@OdooPIM\" target=\"_blank\"><span\r\n                            class=\"list-icon\" style=\"max-width: 16px; display: block;\"><svg aria-hidden=\"true\"\r\n                                class=\"e-font-icon-svg e-fab-youtube\" viewbox=\"0 0 576 512\"\r\n                                xmlns=\"http:\/\/www.w3.org\/2000\/svg\">\r\n                                <path\r\n                                    d=\"M549.655 124.083c-6.281-23.65-24.787-42.276-48.284-48.597C458.781 64 288 64 288 64S117.22 64 74.629 75.486c-23.497 6.322-42.003 24.947-48.284 48.597-11.412 42.867-11.412 132.305-11.412 132.305s0 89.438 11.412 132.305c6.281 23.65 24.787 41.5 48.284 47.821C117.22 448 288 448 288 448s170.78 0 213.371-11.486c23.497-6.321 42.003-24.171 48.284-47.821 11.412-42.867 11.412-132.305 11.412-132.305s0-89.438-11.412-132.305zm-317.51 213.508V175.185l142.739 81.205-142.739 81.201z\">\r\n                                <\/path>\r\n                            <\/svg><\/span><\/a>\r\n                <\/li>\r\n                <li class=\"icon-list-item\"><a href=\"https:\/\/vimeo.com\/odoopim\" target=\"_blank\"><span class=\"list-icon\"\r\n                            style=\"max-width: 16px; display: block;\"><svg aria-hidden=\"true\"\r\n                                class=\"e-font-icon-svg e-fab-vimeo-v\" viewbox=\"0 0 448 512\"\r\n                                xmlns=\"http:\/\/www.w3.org\/2000\/svg\">\r\n                                <path\r\n                                    d=\"M447.8 153.6c-2 43.6-32.4 103.3-91.4 179.1-60.9 79.2-112.4 118.8-154.6 118.8-26.1 0-48.2-24.1-66.3-72.3C100.3 250 85.3 174.3 56.2 174.3c-3.4 0-15.1 7.1-35.2 21.1L0 168.2c51.6-45.3 100.9-95.7 131.8-98.5 34.9-3.4 56.3 20.5 64.4 71.5 28.7 181.5 41.4 208.9 93.6 126.7 18.7-29.6 28.8-52.1 30.2-67.6 4.8-45.9-35.8-42.8-63.3-31 22-72.1 64.1-107.1 126.2-105.1 45.8 1.2 67.5 31.1 64.9 89.4z\">\r\n                                <\/path>\r\n                            <\/svg><\/span><\/a>\r\n                <\/li>\r\n            <\/ul>\r\n        <\/div>\r\n\r\n    <\/div>\r\n<\/footer>\n","protected":false},"excerpt":{"rendered":"Kontaktieren Sie uns","protected":false},"author":1,"featured_media":0,"parent":0,"menu_order":0,"comment_status":"closed","ping_status":"closed","template":"","meta":{"inline_featured_image":false,"footnotes":""},"class_list":["post-682","page","type-page","status-publish","hentry"],"acf":[],"yoast_head":"<!-- This site is optimized with the Yoast SEO plugin v25.1 - https:\/\/yoast.com\/wordpress\/plugins\/seo\/ -->\n<title>Kontaktieren Sie uns | OdooPIM \u2013 Buchen Sie eine Demo und vernetzen Sie sich mit uns<\/title>\n<meta name=\"description\" content=\"Nehmen Sie Kontakt mit OdooPIM auf, um kompetente Unterst\u00fctzung, Demoterminplanung und L\u00f6sungen f\u00fcr das Produktinformationsmanagement zu erhalten. Sie erreichen uns heute aus Indien, Gro\u00dfbritannien oder den USA.\" \/>\n<meta name=\"robots\" content=\"index, follow, max-snippet:-1, max-image-preview:large, max-video-preview:-1\" \/>\n<link rel=\"canonical\" href=\"https:\/\/odoopim.com\/de\/kontaktieren-sie-uns\/\" \/>\n<meta property=\"og:locale\" content=\"de_DE\" \/>\n<meta property=\"og:type\" content=\"article\" \/>\n<meta property=\"og:title\" content=\"Kontaktieren Sie uns | OdooPIM \u2013 Buchen Sie eine Demo und vernetzen Sie sich mit uns\" \/>\n<meta property=\"og:description\" content=\"Nehmen Sie Kontakt mit OdooPIM auf, um kompetente Unterst\u00fctzung, Demoterminplanung und L\u00f6sungen f\u00fcr das Produktinformationsmanagement zu erhalten. Sie erreichen uns heute aus Indien, Gro\u00dfbritannien oder den USA.\" \/>\n<meta property=\"og:url\" content=\"https:\/\/odoopim.com\/de\/kontaktieren-sie-uns\/\" \/>\n<meta property=\"og:site_name\" content=\"OdooPIM\" \/>\n<meta property=\"article:publisher\" content=\"https:\/\/www.facebook.com\/odoopim\/\" \/>\n<meta property=\"og:image\" content=\"https:\/\/odoopim.com\/wp-content\/uploads\/sites\/3\/2025\/11\/cropped-favicon_550x550.webp\" \/>\n\t<meta property=\"og:image:width\" content=\"512\" \/>\n\t<meta property=\"og:image:height\" content=\"512\" \/>\n\t<meta property=\"og:image:type\" content=\"image\/webp\" \/>\n<meta name=\"twitter:card\" content=\"summary_large_image\" \/>\n<meta name=\"twitter:site\" content=\"@OdooPim\" \/>\n<!-- \/ Yoast SEO plugin. -->","yoast_head_json":{"title":"Kontaktieren Sie uns | OdooPIM \u2013 Buchen Sie eine Demo und vernetzen Sie sich mit uns","description":"Nehmen Sie Kontakt mit OdooPIM auf, um kompetente Unterst\u00fctzung, Demoterminplanung und L\u00f6sungen f\u00fcr das Produktinformationsmanagement zu erhalten. Sie erreichen uns heute aus Indien, Gro\u00dfbritannien oder den USA.","robots":{"index":"index","follow":"follow","max-snippet":"max-snippet:-1","max-image-preview":"max-image-preview:large","max-video-preview":"max-video-preview:-1"},"canonical":"https:\/\/odoopim.com\/de\/kontaktieren-sie-uns\/","og_locale":"de_DE","og_type":"article","og_title":"Kontaktieren Sie uns | OdooPIM \u2013 Buchen Sie eine Demo und vernetzen Sie sich mit uns","og_description":"Nehmen Sie Kontakt mit OdooPIM auf, um kompetente Unterst\u00fctzung, Demoterminplanung und L\u00f6sungen f\u00fcr das Produktinformationsmanagement zu erhalten. Sie erreichen uns heute aus Indien, Gro\u00dfbritannien oder den USA.","og_url":"https:\/\/odoopim.com\/de\/kontaktieren-sie-uns\/","og_site_name":"OdooPIM","article_publisher":"https:\/\/www.facebook.com\/odoopim\/","og_image":[{"width":512,"height":512,"url":"https:\/\/odoopim.com\/wp-content\/uploads\/sites\/3\/2025\/11\/cropped-favicon_550x550.webp","type":"image\/webp"}],"twitter_card":"summary_large_image","twitter_site":"@OdooPim","schema":{"@context":"https:\/\/schema.org","@graph":[{"@type":"WebPage","@id":"https:\/\/odoopim.com\/de\/kontaktieren-sie-uns\/","url":"https:\/\/odoopim.com\/de\/kontaktieren-sie-uns\/","name":"Kontaktieren Sie uns | OdooPIM \u2013 Buchen Sie eine Demo und vernetzen Sie sich mit uns","isPartOf":{"@id":"https:\/\/odoopim.com\/de\/#website"},"datePublished":"2025-11-14T13:59:07+00:00","description":"Nehmen Sie Kontakt mit OdooPIM auf, um kompetente Unterst\u00fctzung, Demoterminplanung und L\u00f6sungen f\u00fcr das Produktinformationsmanagement zu erhalten. Sie erreichen uns heute aus Indien, Gro\u00dfbritannien oder den USA.","breadcrumb":{"@id":"https:\/\/odoopim.com\/de\/kontaktieren-sie-uns\/#breadcrumb"},"inLanguage":"de","potentialAction":[{"@type":"ReadAction","target":["https:\/\/odoopim.com\/de\/kontaktieren-sie-uns\/"]}]},{"@type":"BreadcrumbList","@id":"https:\/\/odoopim.com\/de\/kontaktieren-sie-uns\/#breadcrumb","itemListElement":[{"@type":"ListItem","position":1,"name":"Home","item":"https:\/\/odoopim.com\/de\/"},{"@type":"ListItem","position":2,"name":"Kontaktieren Sie uns"}]},{"@type":"WebSite","@id":"https:\/\/odoopim.com\/de\/#website","url":"https:\/\/odoopim.com\/de\/","name":"OdooPIM","description":"","publisher":{"@id":"https:\/\/odoopim.com\/de\/#organization"},"potentialAction":[{"@type":"SearchAction","target":{"@type":"EntryPoint","urlTemplate":"https:\/\/odoopim.com\/de\/?s={search_term_string}"},"query-input":{"@type":"PropertyValueSpecification","valueRequired":true,"valueName":"search_term_string"}}],"inLanguage":"de"},{"@type":"Organization","@id":"https:\/\/odoopim.com\/de\/#organization","name":"OdooPIM","url":"https:\/\/odoopim.com\/de\/","logo":{"@type":"ImageObject","inLanguage":"de","@id":"https:\/\/odoopim.com\/de\/#\/schema\/logo\/image\/","url":"https:\/\/odoopim.com\/wp-content\/uploads\/sites\/3\/2025\/11\/cropped-favicon_550x550.webp","contentUrl":"https:\/\/odoopim.com\/wp-content\/uploads\/sites\/3\/2025\/11\/cropped-favicon_550x550.webp","width":512,"height":512,"caption":"OdooPIM"},"image":{"@id":"https:\/\/odoopim.com\/de\/#\/schema\/logo\/image\/"},"sameAs":["https:\/\/www.facebook.com\/odoopim\/","https:\/\/x.com\/OdooPim","https:\/\/www.linkedin.com\/company\/odoopim\/","https:\/\/www.instagram.com\/odoopim\/","https:\/\/www.youtube.com\/@OdooPIM","https:\/\/vimeo.com\/odoopim"]}]}},"_links":{"self":[{"href":"https:\/\/odoopim.com\/de\/wp-json\/wp\/v2\/pages\/682","targetHints":{"allow":["GET"]}}],"collection":[{"href":"https:\/\/odoopim.com\/de\/wp-json\/wp\/v2\/pages"}],"about":[{"href":"https:\/\/odoopim.com\/de\/wp-json\/wp\/v2\/types\/page"}],"author":[{"embeddable":true,"href":"https:\/\/odoopim.com\/de\/wp-json\/wp\/v2\/users\/1"}],"replies":[{"embeddable":true,"href":"https:\/\/odoopim.com\/de\/wp-json\/wp\/v2\/comments?post=682"}],"version-history":[{"count":0,"href":"https:\/\/odoopim.com\/de\/wp-json\/wp\/v2\/pages\/682\/revisions"}],"wp:attachment":[{"href":"https:\/\/odoopim.com\/de\/wp-json\/wp\/v2\/media?parent=682"}],"curies":[{"name":"wp","href":"https:\/\/api.w.org\/{rel}","templated":true}]}}